{"id":259,"date":"2026-01-27T13:35:17","date_gmt":"2026-01-27T19:35:17","guid":{"rendered":"https:\/\/clinicaimed.com.mx\/index.php\/home\/"},"modified":"2026-01-27T15:21:02","modified_gmt":"2026-01-27T21:21:02","slug":"home","status":"publish","type":"page","link":"https:\/\/clinicaimed.com.mx\/","title":{"rendered":"Cl\u00ednica iMED"},"content":{"rendered":"\t\t<div data-elementor-type=\"wp-page\" data-elementor-id=\"259\" class=\"elementor elementor-259\">\n\t\t\t\t<div class=\"elementor-element elementor-element-54768fda e-con-full e-flex e-con e-parent\" data-id=\"54768fda\" data-element_type=\"container\" data-e-type=\"container\">\n\t\t<div class=\"elementor-element elementor-element-b3dbfd8 e-con-full e-flex e-con e-child\" data-id=\"b3dbfd8\" data-element_type=\"container\" data-e-type=\"container\">\n\t\t\t\t<div class=\"elementor-element elementor-element-987893b elementor-widget elementor-widget-image\" data-id=\"987893b\" data-element_type=\"widget\" data-e-type=\"widget\" data-widget_type=\"image.default\">\n\t\t\t\t\t\t\t\t\t\t\t\t\t\t\t<img decoding=\"async\" width=\"282\" height=\"114\" src=\"https:\/\/clinicaimed.com.mx\/wp-content\/uploads\/2023\/03\/imed-clinica-dental-guadalajara-endodoncia-logo.png\" class=\"attachment-large size-large wp-image-38\" alt=\"\" \/>\t\t\t\t\t\t\t\t\t\t\t\t\t\t\t<\/div>\n\t\t\t\t<div class=\"elementor-element elementor-element-43831e8d elementor-widget elementor-widget-heading\" data-id=\"43831e8d\" data-element_type=\"widget\" data-e-type=\"widget\" data-widget_type=\"heading.default\">\n\t\t\t\t\t<h1 class=\"elementor-heading-title elementor-size-default\"><i>Sonre\u00edr nunca fue tan accesible<\/i><\/h1>\t\t\t\t<\/div>\n\t\t\t\t<div class=\"elementor-element elementor-element-322f706 elementor-widget-divider--view-line elementor-widget elementor-widget-divider\" data-id=\"322f706\" data-element_type=\"widget\" data-e-type=\"widget\" data-widget_type=\"divider.default\">\n\t\t\t\t\t\t\t<div class=\"elementor-divider\">\n\t\t\t<span class=\"elementor-divider-separator\">\n\t\t\t\t\t\t<\/span>\n\t\t<\/div>\n\t\t\t\t\t\t<\/div>\n\t\t\t\t<div class=\"elementor-element elementor-element-6f99c144 elementor-widget__width-initial elementor-widget-mobile__width-inherit elementor-widget elementor-widget-text-editor\" data-id=\"6f99c144\" data-element_type=\"widget\" data-e-type=\"widget\" data-widget_type=\"text-editor.default\">\n\t\t\t\t\t\t\t\t\t<p>Especialistas en sonrisas <em><b>Sanas<\/b><\/em>\u00a0<\/p>\t\t\t\t\t\t\t\t<\/div>\n\t\t\t\t<div class=\"elementor-element elementor-element-1645768 elementor-widget elementor-widget-text-editor\" data-id=\"1645768\" data-element_type=\"widget\" data-e-type=\"widget\" data-widget_type=\"text-editor.default\">\n\t\t\t\t\t\t\t\t\t<p>Lunes a viernes 7:00 am a 6:00 pm<\/p>\t\t\t\t\t\t\t\t<\/div>\n\t\t\t\t<\/div>\n\t\t<div class=\"elementor-element elementor-element-59102c52 e-con-full e-flex e-con e-child\" data-id=\"59102c52\" data-element_type=\"container\" data-e-type=\"container\" data-settings=\"{&quot;background_background&quot;:&quot;classic&quot;}\">\n\t\t\t\t<\/div>\n\t\t\t\t<\/div>\n\t\t<div class=\"elementor-element elementor-element-603cf9f8 e-con-full e-flex e-con e-parent\" data-id=\"603cf9f8\" data-element_type=\"container\" data-e-type=\"container\">\n\t\t<div class=\"elementor-element elementor-element-750aab8a e-con-full e-flex e-con e-child\" data-id=\"750aab8a\" data-element_type=\"container\" data-e-type=\"container\">\n\t\t<div class=\"elementor-element elementor-element-10f72d55 e-con-full e-flex e-con e-child\" data-id=\"10f72d55\" data-element_type=\"container\" data-e-type=\"container\">\n\t\t\t\t<div class=\"elementor-element elementor-element-66da657e elementor-position-top elementor-widget elementor-widget-image-box\" data-id=\"66da657e\" data-element_type=\"widget\" data-e-type=\"widget\" data-widget_type=\"image-box.default\">\n\t\t\t\t\t<div class=\"elementor-image-box-wrapper\"><figure class=\"elementor-image-box-img\"><img fetchpriority=\"high\" decoding=\"async\" width=\"616\" height=\"616\" src=\"https:\/\/clinicaimed.com.mx\/wp-content\/uploads\/2026\/01\/ESPECIALIDAD_REHABILITACION_ORAL.png\" class=\"attachment-full size-full wp-image-288\" alt=\"\" srcset=\"https:\/\/clinicaimed.com.mx\/wp-content\/uploads\/2026\/01\/ESPECIALIDAD_REHABILITACION_ORAL.png 616w, https:\/\/clinicaimed.com.mx\/wp-content\/uploads\/2026\/01\/ESPECIALIDAD_REHABILITACION_ORAL-300x300.png 300w, https:\/\/clinicaimed.com.mx\/wp-content\/uploads\/2026\/01\/ESPECIALIDAD_REHABILITACION_ORAL-150x150.png 150w, https:\/\/clinicaimed.com.mx\/wp-content\/uploads\/2026\/01\/ESPECIALIDAD_REHABILITACION_ORAL-600x600.png 600w, https:\/\/clinicaimed.com.mx\/wp-content\/uploads\/2026\/01\/ESPECIALIDAD_REHABILITACION_ORAL-100x100.png 100w\" sizes=\"(max-width: 616px) 100vw, 616px\" \/><\/figure><div class=\"elementor-image-box-content\"><h3 class=\"elementor-image-box-title\">Rehabilitaci\u00f3n Oral<\/h3><p class=\"elementor-image-box-description\"><span class=\"citation-17\">La <\/span><span data-path-to-node=\"0\" data-index-in-node=\"3\">rehabilitaci\u00f3n oral<\/span><span class=\"citation-17 citation-end-17\"> es la rama de la odontolog\u00eda encargada de restaurar la funci\u00f3n, la salud y la est\u00e9tica de la boca cuando se han perdido dientes o cuando estos est\u00e1n muy deteriorados.<\/span><\/p><\/div><\/div>\t\t\t\t<\/div>\n\t\t\t\t<\/div>\n\t\t<div class=\"elementor-element elementor-element-208e0f40 e-con-full e-flex e-con e-child\" data-id=\"208e0f40\" data-element_type=\"container\" data-e-type=\"container\">\n\t\t\t\t<div class=\"elementor-element elementor-element-54f33611 elementor-position-top elementor-widget elementor-widget-image-box\" data-id=\"54f33611\" data-element_type=\"widget\" data-e-type=\"widget\" data-widget_type=\"image-box.default\">\n\t\t\t\t\t<div class=\"elementor-image-box-wrapper\"><figure class=\"elementor-image-box-img\"><img decoding=\"async\" width=\"616\" height=\"616\" src=\"https:\/\/clinicaimed.com.mx\/wp-content\/uploads\/2026\/01\/ESPECIALIDAD_PERIODONCIA.png\" class=\"attachment-full size-full wp-image-291\" alt=\"\" srcset=\"https:\/\/clinicaimed.com.mx\/wp-content\/uploads\/2026\/01\/ESPECIALIDAD_PERIODONCIA.png 616w, https:\/\/clinicaimed.com.mx\/wp-content\/uploads\/2026\/01\/ESPECIALIDAD_PERIODONCIA-300x300.png 300w, https:\/\/clinicaimed.com.mx\/wp-content\/uploads\/2026\/01\/ESPECIALIDAD_PERIODONCIA-150x150.png 150w, https:\/\/clinicaimed.com.mx\/wp-content\/uploads\/2026\/01\/ESPECIALIDAD_PERIODONCIA-600x600.png 600w, https:\/\/clinicaimed.com.mx\/wp-content\/uploads\/2026\/01\/ESPECIALIDAD_PERIODONCIA-100x100.png 100w\" sizes=\"(max-width: 616px) 100vw, 616px\" \/><\/figure><div class=\"elementor-image-box-content\"><h3 class=\"elementor-image-box-title\">Periodoncia<\/h3><p class=\"elementor-image-box-description\">La periodoncia es la rama de la odontolog\u00eda encargada de prevenir, diagnosticar y tratar las enfermedades de los tejidos de soporte del diente: enc\u00edas, hueso alveolar y ligamento periodontal.<\/p><\/div><\/div>\t\t\t\t<\/div>\n\t\t\t\t<\/div>\n\t\t<div class=\"elementor-element elementor-element-4951f18a e-con-full e-flex e-con e-child\" data-id=\"4951f18a\" data-element_type=\"container\" data-e-type=\"container\">\n\t\t\t\t<div class=\"elementor-element elementor-element-25846d51 elementor-position-top elementor-widget elementor-widget-image-box\" data-id=\"25846d51\" data-element_type=\"widget\" data-e-type=\"widget\" data-widget_type=\"image-box.default\">\n\t\t\t\t\t<div class=\"elementor-image-box-wrapper\"><figure class=\"elementor-image-box-img\"><img loading=\"lazy\" decoding=\"async\" width=\"616\" height=\"616\" src=\"https:\/\/clinicaimed.com.mx\/wp-content\/uploads\/2026\/01\/ESPECIALIDAD_ORTODONCIA.png\" class=\"attachment-full size-full wp-image-290\" alt=\"\" srcset=\"https:\/\/clinicaimed.com.mx\/wp-content\/uploads\/2026\/01\/ESPECIALIDAD_ORTODONCIA.png 616w, https:\/\/clinicaimed.com.mx\/wp-content\/uploads\/2026\/01\/ESPECIALIDAD_ORTODONCIA-300x300.png 300w, https:\/\/clinicaimed.com.mx\/wp-content\/uploads\/2026\/01\/ESPECIALIDAD_ORTODONCIA-150x150.png 150w, https:\/\/clinicaimed.com.mx\/wp-content\/uploads\/2026\/01\/ESPECIALIDAD_ORTODONCIA-600x600.png 600w, https:\/\/clinicaimed.com.mx\/wp-content\/uploads\/2026\/01\/ESPECIALIDAD_ORTODONCIA-100x100.png 100w\" sizes=\"(max-width: 616px) 100vw, 616px\" \/><\/figure><div class=\"elementor-image-box-content\"><h3 class=\"elementor-image-box-title\">Ortodoncia<\/h3><p class=\"elementor-image-box-description\">La ortodoncia es la rama de la odontolog\u00eda encargada de tratar las irregularidades dentales y \u00f3seas para lograr una correcta oclusi\u00f3n y est\u00e9tica facial. Utiliza aparatos fijos (brackets) o removibles (alineadores invisibles) para corregir api\u00f1amientos, espacios y maloclusiones.<\/p><\/div><\/div>\t\t\t\t<\/div>\n\t\t\t\t<\/div>\n\t\t<div class=\"elementor-element elementor-element-1856c2ea e-con-full e-flex e-con e-child\" data-id=\"1856c2ea\" data-element_type=\"container\" data-e-type=\"container\">\n\t\t\t\t<div class=\"elementor-element elementor-element-761ad57f elementor-position-top elementor-widget elementor-widget-image-box\" data-id=\"761ad57f\" data-element_type=\"widget\" data-e-type=\"widget\" data-widget_type=\"image-box.default\">\n\t\t\t\t\t<div class=\"elementor-image-box-wrapper\"><figure class=\"elementor-image-box-img\"><img loading=\"lazy\" decoding=\"async\" width=\"616\" height=\"616\" src=\"https:\/\/clinicaimed.com.mx\/wp-content\/uploads\/2026\/01\/ESPECIALIDAD_ENDODONCIA.png\" class=\"attachment-full size-full wp-image-289\" alt=\"\" srcset=\"https:\/\/clinicaimed.com.mx\/wp-content\/uploads\/2026\/01\/ESPECIALIDAD_ENDODONCIA.png 616w, https:\/\/clinicaimed.com.mx\/wp-content\/uploads\/2026\/01\/ESPECIALIDAD_ENDODONCIA-300x300.png 300w, https:\/\/clinicaimed.com.mx\/wp-content\/uploads\/2026\/01\/ESPECIALIDAD_ENDODONCIA-150x150.png 150w, https:\/\/clinicaimed.com.mx\/wp-content\/uploads\/2026\/01\/ESPECIALIDAD_ENDODONCIA-600x600.png 600w, https:\/\/clinicaimed.com.mx\/wp-content\/uploads\/2026\/01\/ESPECIALIDAD_ENDODONCIA-100x100.png 100w\" sizes=\"(max-width: 616px) 100vw, 616px\" \/><\/figure><div class=\"elementor-image-box-content\"><h3 class=\"elementor-image-box-title\">Endodoncia<\/h3><p class=\"elementor-image-box-description\">La endodoncia es la rama de la odontolog\u00eda encargada de salvar dientes gravemente infectados o da\u00f1ados al eliminar la pulpa dental infectada, limpiar los conductos radiculares y sellarlos aliviando el dolor, eliminando la infecci\u00f3n y salvando la pieza dental.<\/p><\/div><\/div>\t\t\t\t<\/div>\n\t\t\t\t<\/div>\n\t\t\t\t<\/div>\n\t\t\t\t<\/div>\n\t\t<div class=\"elementor-element elementor-element-64602dce e-con-full e-flex e-con e-parent\" data-id=\"64602dce\" data-element_type=\"container\" data-e-type=\"container\">\n\t\t<div class=\"elementor-element elementor-element-13d7bffc e-con-full e-flex e-con e-child\" data-id=\"13d7bffc\" data-element_type=\"container\" data-e-type=\"container\">\n\t\t\t\t<div class=\"elementor-element elementor-element-541ca2e6 elementor-pagination-position-inside elementor-widget elementor-widget-image-carousel\" data-id=\"541ca2e6\" data-element_type=\"widget\" data-e-type=\"widget\" data-settings=\"{&quot;slides_to_show&quot;:&quot;1&quot;,&quot;navigation&quot;:&quot;dots&quot;,&quot;pause_on_hover&quot;:&quot;no&quot;,&quot;pause_on_interaction&quot;:&quot;no&quot;,&quot;autoplay&quot;:&quot;yes&quot;,&quot;autoplay_speed&quot;:5000,&quot;infinite&quot;:&quot;yes&quot;,&quot;effect&quot;:&quot;slide&quot;,&quot;speed&quot;:500}\" data-widget_type=\"image-carousel.default\">\n\t\t\t\t\t\t\t<div class=\"elementor-image-carousel-wrapper swiper\" role=\"region\" aria-roledescription=\"carousel\" aria-label=\"Carrusel de Im\u00e1genes\" dir=\"ltr\">\n\t\t\t<div class=\"elementor-image-carousel swiper-wrapper swiper-image-stretch\" aria-live=\"off\">\n\t\t\t\t\t\t\t\t<div class=\"swiper-slide\" role=\"group\" aria-roledescription=\"slide\" aria-label=\"1 de 3\"><figure class=\"swiper-slide-inner\"><img decoding=\"async\" class=\"swiper-slide-image\" src=\"https:\/\/clinicaimed.com.mx\/wp-content\/uploads\/2023\/03\/GOPR7126.png\" alt=\"GOPR7126\" \/><\/figure><\/div><div class=\"swiper-slide\" role=\"group\" aria-roledescription=\"slide\" aria-label=\"2 de 3\"><figure class=\"swiper-slide-inner\"><img decoding=\"async\" class=\"swiper-slide-image\" src=\"https:\/\/clinicaimed.com.mx\/wp-content\/uploads\/2026\/01\/INSTALACIONES-17.png\" alt=\"INSTALACIONES (17)\" \/><\/figure><\/div><div class=\"swiper-slide\" role=\"group\" aria-roledescription=\"slide\" aria-label=\"3 de 3\"><figure class=\"swiper-slide-inner\"><img decoding=\"async\" class=\"swiper-slide-image\" src=\"https:\/\/clinicaimed.com.mx\/wp-content\/uploads\/2023\/03\/MG_6181.png\" alt=\"_MG_6181\" \/><\/figure><\/div>\t\t\t<\/div>\n\t\t\t\t\t\t\t\n\t\t\t\t\t\t\t\t\t<div class=\"swiper-pagination\"><\/div>\n\t\t\t\t\t\t\t\t\t<\/div>\n\t\t\t\t\t\t<\/div>\n\t\t\t\t<\/div>\n\t\t<div class=\"elementor-element elementor-element-2bc4d7a2 e-con-full e-flex e-con e-child\" data-id=\"2bc4d7a2\" data-element_type=\"container\" data-e-type=\"container\">\n\t\t\t\t<div class=\"elementor-element elementor-element-1f08210a elementor-widget elementor-widget-heading\" data-id=\"1f08210a\" data-element_type=\"widget\" data-e-type=\"widget\" data-widget_type=\"heading.default\">\n\t\t\t\t\t<h2 class=\"elementor-heading-title elementor-size-default\">Cl\u00ednica iMED<\/h2>\t\t\t\t<\/div>\n\t\t\t\t<div class=\"elementor-element elementor-element-f2744ef elementor-widget__width-initial elementor-widget elementor-widget-text-editor\" data-id=\"f2744ef\" data-element_type=\"widget\" data-e-type=\"widget\" data-widget_type=\"text-editor.default\">\n\t\t\t\t\t\t\t\t\t<p>Contamos con el equipo necesario para brindarte la mejor atenci\u00f3n cl\u00ednica y el mejor tratamiento para tu salud bucal.\u00a0<\/p>\t\t\t\t\t\t\t\t<\/div>\n\t\t\t\t<\/div>\n\t\t\t\t<\/div>\n\t\t<div class=\"elementor-element elementor-element-2be0334e e-con-full e-flex e-con e-parent\" data-id=\"2be0334e\" data-element_type=\"container\" data-e-type=\"container\">\n\t\t<div class=\"elementor-element elementor-element-11048b3f e-con-full e-flex e-con e-child\" data-id=\"11048b3f\" data-element_type=\"container\" data-e-type=\"container\">\n\t\t\t\t<div class=\"elementor-element elementor-element-13ed2a44 elementor-widget elementor-widget-heading\" data-id=\"13ed2a44\" data-element_type=\"widget\" data-e-type=\"widget\" data-widget_type=\"heading.default\">\n\t\t\t\t\t<h2 class=\"elementor-heading-title elementor-size-default\">Cont\u00e1ctanos<\/h2>\t\t\t\t<\/div>\n\t\t\t\t<div class=\"elementor-element elementor-element-35800d87 elementor-widget__width-initial elementor-widget elementor-widget-text-editor\" data-id=\"35800d87\" data-element_type=\"widget\" data-e-type=\"widget\" data-widget_type=\"text-editor.default\">\n\t\t\t\t\t\t\t\t\t<p>Comun\u00edcate con nosotros a los tel\u00e9fonos:<\/p><p>3324710853 \/ 3324710854<\/p><p>Extensi\u00f3n 108 (Cl\u00ednicas Odontol\u00f3gicas)<\/p><p>Calz. L\u00e1zaro C\u00e1rdenas 4681 &#8211; 3<\/p><p>Col. Prados Vallarta C.P. 45020<\/p><p>Zapopan, Jalisco, M\u00e9xico<\/p>\t\t\t\t\t\t\t\t<\/div>\n\t\t\t\t<div class=\"elementor-element elementor-element-1f466f0f elementor-align-left elementor-invisible elementor-widget elementor-widget-button\" data-id=\"1f466f0f\" data-element_type=\"widget\" data-e-type=\"widget\" data-settings=\"{&quot;_animation&quot;:&quot;fadeInDown&quot;}\" data-widget_type=\"button.default\">\n\t\t\t\t\t\t\t\t\t\t<a class=\"elementor-button elementor-button-link elementor-size-sm\" href=\"https:\/\/maps.app.goo.gl\/YGNKGE3iv9TS3DCX6\" target=\"_blank\">\n\t\t\t\t\t\t<span class=\"elementor-button-content-wrapper\">\n\t\t\t\t\t\t\t\t\t<span class=\"elementor-button-text\">C\u00f3mo llegar<\/span>\n\t\t\t\t\t<\/span>\n\t\t\t\t\t<\/a>\n\t\t\t\t\t\t\t\t<\/div>\n\t\t\t\t<\/div>\n\t\t<div class=\"elementor-element elementor-element-1b9de1b9 e-con-full e-flex e-con e-child\" data-id=\"1b9de1b9\" data-element_type=\"container\" data-e-type=\"container\">\n\t\t\t\t<div class=\"elementor-element elementor-element-54abbd6b elementor-widget elementor-widget-image\" data-id=\"54abbd6b\" data-element_type=\"widget\" data-e-type=\"widget\" data-widget_type=\"image.default\">\n\t\t\t\t\t\t\t\t\t\t\t\t\t\t\t<img loading=\"lazy\" decoding=\"async\" width=\"1024\" height=\"581\" src=\"https:\/\/clinicaimed.com.mx\/wp-content\/uploads\/2026\/01\/mapa-1024x581.jpg\" class=\"attachment-large size-large wp-image-302\" alt=\"\" srcset=\"https:\/\/clinicaimed.com.mx\/wp-content\/uploads\/2026\/01\/mapa-1024x581.jpg 1024w, https:\/\/clinicaimed.com.mx\/wp-content\/uploads\/2026\/01\/mapa-300x170.jpg 300w, https:\/\/clinicaimed.com.mx\/wp-content\/uploads\/2026\/01\/mapa-768x436.jpg 768w, https:\/\/clinicaimed.com.mx\/wp-content\/uploads\/2026\/01\/mapa-600x340.jpg 600w, https:\/\/clinicaimed.com.mx\/wp-content\/uploads\/2026\/01\/mapa.jpg 1387w\" sizes=\"(max-width: 1024px) 100vw, 1024px\" \/>\t\t\t\t\t\t\t\t\t\t\t\t\t\t\t<\/div>\n\t\t\t\t<\/div>\n\t\t\t\t<\/div>\n\t\t<div class=\"elementor-element elementor-element-9a9a5b3 e-flex e-con-boxed e-con e-parent\" data-id=\"9a9a5b3\" data-element_type=\"container\" data-e-type=\"container\">\n\t\t\t\t\t<div class=\"e-con-inner\">\n\t\t\t\t<div class=\"elementor-element elementor-element-dee5ea1 elementor-shape-circle elementor-grid-0 e-grid-align-center elementor-widget elementor-widget-social-icons\" data-id=\"dee5ea1\" data-element_type=\"widget\" data-e-type=\"widget\" data-widget_type=\"social-icons.default\">\n\t\t\t\t\t\t\t<div class=\"elementor-social-icons-wrapper elementor-grid\">\n\t\t\t\t\t\t\t<span class=\"elementor-grid-item\">\n\t\t\t\t\t<a class=\"elementor-icon elementor-social-icon elementor-social-icon-facebook elementor-animation-wobble-to-bottom-right elementor-repeater-item-69a99d3\" href=\"https:\/\/www.facebook.com\/IMEDClinicaDental\" target=\"_blank\">\n\t\t\t\t\t\t<span class=\"elementor-screen-only\">Facebook<\/span>\n\t\t\t\t\t\t<svg aria-hidden=\"true\" class=\"e-font-icon-svg e-fab-facebook\" viewBox=\"0 0 512 512\" xmlns=\"http:\/\/www.w3.org\/2000\/svg\"><path d=\"M504 256C504 119 393 8 256 8S8 119 8 256c0 123.78 90.69 226.38 209.25 245V327.69h-63V256h63v-54.64c0-62.15 37-96.48 93.67-96.48 27.14 0 55.52 4.84 55.52 4.84v61h-31.28c-30.8 0-40.41 19.12-40.41 38.73V256h68.78l-11 71.69h-57.78V501C413.31 482.38 504 379.78 504 256z\"><\/path><\/svg>\t\t\t\t\t<\/a>\n\t\t\t\t<\/span>\n\t\t\t\t\t<\/div>\n\t\t\t\t\t\t<\/div>\n\t\t\t\t\t<\/div>\n\t\t\t\t<\/div>\n\t\t\t\t<\/div>\n\t\t","protected":false},"excerpt":{"rendered":"<p>Sonre\u00edr nunca fue tan accesible Especialistas en sonrisas Sanas\u00a0 Lunes a viernes 7:00 am a 6:00 pm Rehabilitaci\u00f3n Oral La rehabilitaci\u00f3n oral es la rama de la odontolog\u00eda encargada de restaurar la funci\u00f3n, la salud y la est\u00e9tica de la boca cuando se han perdido dientes o cuando estos est\u00e1n muy deteriorados. Periodoncia La periodoncia es la rama de la odontolog\u00eda encargada de prevenir, diagnosticar y tratar las enfermedades de los tejidos de soporte del diente: enc\u00edas, hueso alveolar y ligamento periodontal. Ortodoncia La ortodoncia es la rama de la odontolog\u00eda encargada de tratar las irregularidades dentales y \u00f3seas para<\/p>\n","protected":false},"author":1,"featured_media":40,"parent":0,"menu_order":0,"comment_status":"closed","ping_status":"closed","template":"elementor_header_footer","meta":{"footnotes":""},"class_list":["post-259","page","type-page","status-publish","has-post-thumbnail","hentry"],"jetpack_sharing_enabled":true,"_links":{"self":[{"href":"https:\/\/clinicaimed.com.mx\/index.php\/wp-json\/wp\/v2\/pages\/259","targetHints":{"allow":["GET"]}}],"collection":[{"href":"https:\/\/clinicaimed.com.mx\/index.php\/wp-json\/wp\/v2\/pages"}],"about":[{"href":"https:\/\/clinicaimed.com.mx\/index.php\/wp-json\/wp\/v2\/types\/page"}],"author":[{"embeddable":true,"href":"https:\/\/clinicaimed.com.mx\/index.php\/wp-json\/wp\/v2\/users\/1"}],"replies":[{"embeddable":true,"href":"https:\/\/clinicaimed.com.mx\/index.php\/wp-json\/wp\/v2\/comments?post=259"}],"version-history":[{"count":37,"href":"https:\/\/clinicaimed.com.mx\/index.php\/wp-json\/wp\/v2\/pages\/259\/revisions"}],"predecessor-version":[{"id":330,"href":"https:\/\/clinicaimed.com.mx\/index.php\/wp-json\/wp\/v2\/pages\/259\/revisions\/330"}],"wp:featuredmedia":[{"embeddable":true,"href":"https:\/\/clinicaimed.com.mx\/index.php\/wp-json\/wp\/v2\/media\/40"}],"wp:attachment":[{"href":"https:\/\/clinicaimed.com.mx\/index.php\/wp-json\/wp\/v2\/media?parent=259"}],"curies":[{"name":"wp","href":"https:\/\/api.w.org\/{rel}","templated":true}]}}